{"id":5898,"date":"2025-08-21T21:00:08","date_gmt":"2025-08-22T02:00:08","guid":{"rendered":"https:\/\/www.arsconsultores.com\/?page_id=5898"},"modified":"2025-08-21T21:34:15","modified_gmt":"2025-08-22T02:34:15","slug":"oscarsalamanca","status":"publish","type":"page","link":"https:\/\/www.arsconsultores.com\/index.php\/oscarsalamanca\/","title":{"rendered":"Oscar Salamanca"},"content":{"rendered":"<p>[vc_row][vc_column][vc_column_text]<\/p>\n<h1 style=\"text-align: center;\"><strong>Oscar Salamanca<\/strong><\/h1>\n<p>[\/vc_column_text][vc_single_image image=&#8221;5925&#8243; alignment=&#8221;center&#8221;][vc_empty_space height=&#8221;10px&#8221;][\/vc_column][\/vc_row][vc_row][vc_column][vc_separator][vc_column_text]<\/p>\n<blockquote>\n<p style=\"text-align: center;\">Reconocido por su visi\u00f3n estrat\u00e9gica, liderazgo en equipos multidisciplinarios y capacidad para ofrecer soluciones jur\u00eddicas innovadoras que garantizan la excelencia organizacional y el cumplimiento normativo en entornos altamente competitivos.<\/p>\n<\/blockquote>\n<p>[\/vc_column_text][vc_separator][vc_empty_space height=&#8221;50px&#8221;][\/vc_column][\/vc_row][vc_row content_aligment=&#8221;center&#8221;][vc_column width=&#8221;1\/2&#8243;][vc_single_image image=&#8221;5900&#8243; img_size=&#8221;full&#8221;][vc_empty_space height=&#8221;10px&#8221;]<a itemprop=\"url\" href=\"https:\/\/wa.me\/573114587881\" target=\"_self\"  class=\"edgtf-btn edgtf-btn-huge edgtf-btn-solid edgtf-btn-solid-animate\" data-title=\"Contactar\" >\n    <span class=\"edgtf-btn-text\">Contactar<\/span>\n    <\/a>[\/vc_column][vc_column width=&#8221;1\/2&#8243;][vc_column_text]<\/p>\n<p style=\"text-align: center;\">Ejecutivo jur\u00eddico especializado con 16 a\u00f1os de destacada experiencia en el \u00e1mbito corporativo, abarcando<strong> litigio estrat\u00e9gico<\/strong>, auditor\u00eda legal, consultor\u00eda integral, asesor\u00eda especializada, <strong>capacitaci\u00f3n profesional<\/strong> y gesti\u00f3n avanzada de relaciones laborales, sindicales, contractuales y comunitarias.<\/p>\n<p style=\"text-align: center;\">Egresado con excelencia acad\u00e9mica de la Universidad Aut\u00f3noma de Colombia, cuenta con <strong>s\u00f3lidas bases en Derecho Laboral, Seguridad Social Integral y Derecho Comercial<\/strong>, as\u00ed como un profundo dominio del Sistema de Gesti\u00f3n de la Seguridad y Salud en el Trabajo.<\/p>\n<p style=\"text-align: center;\">Posee una formaci\u00f3n acad\u00e9mica de <strong>alto nivel<\/strong> respaldada por una especializaci\u00f3n en <strong>Derecho Laboral y Seguridad Social<\/strong> (Universidad Libre de Colombia), especializaci\u00f3n en <strong>Gerencia en Seguridad y Salud en el Trabajo<\/strong> (Universidad Colegio Mayor de Cundinamarca), especializaci\u00f3n en <strong>Derecho P\u00fablico<\/strong> (Universidad Externado de Colombia) y t\u00edtulo de <strong>Mag\u00edster en Derecho Laboral y Seguridad Social<\/strong> (Universidad Libre de Colombia).<\/p>\n<p>[\/vc_column_text][\/vc_column][\/vc_row][vc_row][vc_column][vc_empty_space height=&#8221;100px&#8221;][\/vc_column][\/vc_row]<\/p>\n","protected":false},"excerpt":{"rendered":"<p>[vc_row][vc_column][vc_column_text] Oscar Salamanca [\/vc_column_text][vc_single_image image=&#8221;5925&#8243; alignment=&#8221;center&#8221;][vc_empty_space height=&#8221;10px&#8221;][\/vc_column][\/vc_row][vc_row][vc_column][vc_separator][vc_column_text] Reconocido por su visi\u00f3n estrat\u00e9gica, liderazgo en equipos multidisciplinarios y capacidad para ofrecer soluciones jur\u00eddicas innovadoras que garantizan la excelencia organizacional y el cumplimiento normativo en entornos altamente competitivos. [\/vc_column_text][vc_separator][vc_empty_space height=&#8221;50px&#8221;][\/vc_column][\/vc_row][vc_row content_aligment=&#8221;center&#8221;][vc_column width=&#8221;1\/2&#8243;][vc_single_image image=&#8221;5900&#8243; img_size=&#8221;full&#8221;][vc_empty_space height=&#8221;10px&#8221;][\/vc_column][vc_column width=&#8221;1\/2&#8243;][vc_column_text] Ejecutivo [&hellip;]<\/p>\n","protected":false},"author":1,"featured_media":0,"parent":0,"menu_order":0,"comment_status":"closed","ping_status":"closed","template":"","meta":{"footnotes":""},"class_list":["post-5898","page","type-page","status-publish","hentry"],"_links":{"self":[{"href":"https:\/\/www.arsconsultores.com\/index.php\/wp-json\/wp\/v2\/pages\/5898","targetHints":{"allow":["GET"]}}],"collection":[{"href":"https:\/\/www.arsconsultores.com\/index.php\/wp-json\/wp\/v2\/pages"}],"about":[{"href":"https:\/\/www.arsconsultores.com\/index.php\/wp-json\/wp\/v2\/types\/page"}],"author":[{"embeddable":true,"href":"https:\/\/www.arsconsultores.com\/index.php\/wp-json\/wp\/v2\/users\/1"}],"replies":[{"embeddable":true,"href":"https:\/\/www.arsconsultores.com\/index.php\/wp-json\/wp\/v2\/comments?post=5898"}],"version-history":[{"count":23,"href":"https:\/\/www.arsconsultores.com\/index.php\/wp-json\/wp\/v2\/pages\/5898\/revisions"}],"predecessor-version":[{"id":5929,"href":"https:\/\/www.arsconsultores.com\/index.php\/wp-json\/wp\/v2\/pages\/5898\/revisions\/5929"}],"wp:attachment":[{"href":"https:\/\/www.arsconsultores.com\/index.php\/wp-json\/wp\/v2\/media?parent=5898"}],"curies":[{"name":"wp","href":"https:\/\/api.w.org\/{rel}","templated":true}]}}