{"id":5721,"date":"2021-12-22T13:57:09","date_gmt":"2021-12-22T18:57:09","guid":{"rendered":"https:\/\/www.arsconsultores.com\/?page_id=5721"},"modified":"2022-02-26T16:16:20","modified_gmt":"2022-02-26T21:16:20","slug":"servicios","status":"publish","type":"page","link":"https:\/\/www.arsconsultores.com\/index.php\/servicios\/","title":{"rendered":"Servicios"},"content":{"rendered":"<p>[vc_row content_aligment=&#8221;center&#8221;][vc_column width=&#8221;1\/3&#8243;][vc_empty_space height=&#8221;45px&#8221;]<div class=\"edgtf-iwt clearfix edgtf-iwt-icon-top edgtf-iwt-icon-tiny edgtf-iwt-flip\">\n    <div class=\"edgtf-iwt-icon-holder\">\n                    <img loading=\"lazy\" decoding=\"async\" width=\"100\" height=\"100\" src=\"https:\/\/www.arsconsultores.com\/wp-content\/uploads\/2021\/12\/a1.png\" class=\"attachment-full size-full\" alt=\"\" \/>                            <img loading=\"lazy\" decoding=\"async\" width=\"100\" height=\"100\" src=\"https:\/\/www.arsconsultores.com\/wp-content\/uploads\/2021\/12\/a1.png\" class=\"attachment-full size-full\" alt=\"\" \/>                        <\/div>\n    <div class=\"edgtf-iwt-content-holder\" >\n        <div class=\"edgtf-iwt-title-holder\">\n            <h4 >Asesor\u00eda Express<\/h4>\n        <\/div>\n        <div class=\"edgtf-iwt-text-holder\">\n            <p >Es aquella que se presta en l\u00ednea, de manera \u00e1gil y efectiva, con el fin de identificar la situaci\u00f3n problema, para brindar las alternativas de soluci\u00f3n m\u00e1s convenientes.<\/p>\n\n                    <\/div>\n    <\/div>\n<\/div><a itemprop=\"url\" href=\"https:\/\/www.arsconsultores.com\/index.php\/contacto\/\" target=\"_self\"  class=\"edgtf-btn edgtf-btn-small edgtf-btn-solid edgtf-btn-solid-animate\" data-title=\"Contactenos\" >\n    <span class=\"edgtf-btn-text\">Contactenos<\/span>\n    <\/a>[vc_empty_space height=&#8221;45px&#8221;]<div class=\"edgtf-iwt clearfix edgtf-iwt-icon-top edgtf-iwt-icon-tiny edgtf-iwt-flip\">\n    <div class=\"edgtf-iwt-icon-holder\">\n                    <img loading=\"lazy\" decoding=\"async\" width=\"100\" height=\"100\" src=\"https:\/\/www.arsconsultores.com\/wp-content\/uploads\/2021\/12\/a2.png\" class=\"attachment-full size-full\" alt=\"\" \/>                            <img loading=\"lazy\" decoding=\"async\" width=\"100\" height=\"100\" src=\"https:\/\/www.arsconsultores.com\/wp-content\/uploads\/2021\/12\/a2.png\" class=\"attachment-full size-full\" alt=\"\" \/>                        <\/div>\n    <div class=\"edgtf-iwt-content-holder\" >\n        <div class=\"edgtf-iwt-title-holder\">\n            <h4 >Asesor\u00eda<\/h4>\n        <\/div>\n        <div class=\"edgtf-iwt-text-holder\">\n            <p >Comprende el conjunto de actividades y gestiones que se adelantan para prevenir posibles acciones judiciales, partiendo de la informaci\u00f3n y la documentaci\u00f3n aportada, con la finalidad de brindar una orientaci\u00f3n acorde y eficaz al tipo de problema que se presente.<\/p>\n\n                    <\/div>\n    <\/div>\n<\/div><a itemprop=\"url\" href=\"https:\/\/www.arsconsultores.com\/index.php\/contacto\/\" target=\"_self\"  class=\"edgtf-btn edgtf-btn-small edgtf-btn-solid edgtf-btn-solid-animate\" data-title=\"Contactenos\" >\n    <span class=\"edgtf-btn-text\">Contactenos<\/span>\n    <\/a>[\/vc_column][vc_column width=&#8221;1\/3&#8243;][vc_empty_space height=&#8221;45px&#8221;]<div class=\"edgtf-iwt clearfix edgtf-iwt-icon-top edgtf-iwt-icon-tiny edgtf-iwt-flip\">\n    <div class=\"edgtf-iwt-icon-holder\">\n                    <img loading=\"lazy\" decoding=\"async\" width=\"100\" height=\"100\" src=\"https:\/\/www.arsconsultores.com\/wp-content\/uploads\/2021\/12\/a3.png\" class=\"attachment-full size-full\" alt=\"\" \/>                            <img loading=\"lazy\" decoding=\"async\" width=\"100\" height=\"100\" src=\"https:\/\/www.arsconsultores.com\/wp-content\/uploads\/2021\/12\/a3.png\" class=\"attachment-full size-full\" alt=\"\" \/>                        <\/div>\n    <div class=\"edgtf-iwt-content-holder\" >\n        <div class=\"edgtf-iwt-title-holder\">\n            <h4 >Conceptos<\/h4>\n        <\/div>\n        <div class=\"edgtf-iwt-text-holder\">\n            <p >Proceso resultante del an\u00e1lisis detallado de una situaci\u00f3n, hecho o circunstancia, en el cual ARS CONSULTORES brindar\u00e1 un an\u00e1lisis jur\u00eddico profundo, para dimensionar los aspectos positivos y los riesgos asociados, con miras a extraer la mejor estrategia, para su intervenci\u00f3n.<\/p>\n\n                    <\/div>\n    <\/div>\n<\/div><a itemprop=\"url\" href=\"https:\/\/www.arsconsultores.com\/index.php\/contacto\/\" target=\"_self\"  class=\"edgtf-btn edgtf-btn-small edgtf-btn-solid edgtf-btn-solid-animate\" data-title=\"Contactenos\" >\n    <span class=\"edgtf-btn-text\">Contactenos<\/span>\n    <\/a>[vc_empty_space height=&#8221;45px&#8221;]<div class=\"edgtf-iwt clearfix edgtf-iwt-icon-top edgtf-iwt-icon-tiny edgtf-iwt-flip\">\n    <div class=\"edgtf-iwt-icon-holder\">\n                    <img loading=\"lazy\" decoding=\"async\" width=\"100\" height=\"100\" src=\"https:\/\/www.arsconsultores.com\/wp-content\/uploads\/2021\/12\/a4.png\" class=\"attachment-full size-full\" alt=\"\" \/>                            <img loading=\"lazy\" decoding=\"async\" width=\"100\" height=\"100\" src=\"https:\/\/www.arsconsultores.com\/wp-content\/uploads\/2021\/12\/a4.png\" class=\"attachment-full size-full\" alt=\"\" \/>                        <\/div>\n    <div class=\"edgtf-iwt-content-holder\" >\n        <div class=\"edgtf-iwt-title-holder\">\n            <h4 >Representaci\u00f3n Legal<\/h4>\n        <\/div>\n        <div class=\"edgtf-iwt-text-holder\">\n            <p >Servicio mediante el cual lideramos los intereses espec\u00edficos y generales de nuestros clientes, adelantando todas las gestiones, actividades y procedimientos correspondientes ante las entidades de vigilancia, inspecci\u00f3n y control del estado.<\/p>\n\n                    <\/div>\n    <\/div>\n<\/div><a itemprop=\"url\" href=\"https:\/\/www.arsconsultores.com\/index.php\/contacto\/\" target=\"_self\"  class=\"edgtf-btn edgtf-btn-small edgtf-btn-solid edgtf-btn-solid-animate\" data-title=\"Contactenos\" >\n    <span class=\"edgtf-btn-text\">Contactenos<\/span>\n    <\/a>[\/vc_column][vc_column parallax=&#8221;content-moving&#8221; parallax_image=&#8221;5822&#8243; width=&#8221;1\/3&#8243; css=&#8221;.vc_custom_1641354723502{background-image: url(https:\/\/www.arsconsultores.com\/wp-content\/uploads\/2022\/01\/Vertical01-1.png?id=5822) !important;}&#8221;][vc_empty_space height=&#8221;800px&#8221;][\/vc_column][\/vc_row][vc_row content_aligment=&#8221;center&#8221;][vc_column width=&#8221;1\/3&#8243;][vc_empty_space height=&#8221;45px&#8221;]<div class=\"edgtf-iwt clearfix edgtf-iwt-icon-top edgtf-iwt-icon-tiny edgtf-iwt-flip\">\n    <div class=\"edgtf-iwt-icon-holder\">\n                    <img loading=\"lazy\" decoding=\"async\" width=\"100\" height=\"100\" src=\"https:\/\/www.arsconsultores.com\/wp-content\/uploads\/2021\/12\/a5.png\" class=\"attachment-full size-full\" alt=\"\" \/>                            <img loading=\"lazy\" decoding=\"async\" width=\"100\" height=\"100\" src=\"https:\/\/www.arsconsultores.com\/wp-content\/uploads\/2021\/12\/a5.png\" class=\"attachment-full size-full\" alt=\"\" \/>                        <\/div>\n    <div class=\"edgtf-iwt-content-holder\" >\n        <div class=\"edgtf-iwt-title-holder\">\n            <h4 >Representaci\u00f3n Judicial<\/h4>\n        <\/div>\n        <div class=\"edgtf-iwt-text-holder\">\n            <p >Servicio mediante el cual lideramos la defensa de los intereses de nuestros clientes ante sus contrapartes, en los estrados judiciales, acorde con las estrategias jur\u00eddicas que permitan direccionar las diferentes actuaciones dentro del proceso, con miras a obtener un resultado favorable o disminuyendo las consecuencias adversas de la situaci\u00f3n objeto del litigio<\/p>\n\n                    <\/div>\n    <\/div>\n<\/div><a itemprop=\"url\" href=\"https:\/\/www.arsconsultores.com\/index.php\/contacto\/\" target=\"_self\"  class=\"edgtf-btn edgtf-btn-small edgtf-btn-solid edgtf-btn-solid-animate\" data-title=\"Contactenos\" >\n    <span class=\"edgtf-btn-text\">Contactenos<\/span>\n    <\/a>[vc_empty_space height=&#8221;45px&#8221;]<div class=\"edgtf-iwt clearfix edgtf-iwt-icon-top edgtf-iwt-icon-tiny edgtf-iwt-flip\">\n    <div class=\"edgtf-iwt-icon-holder\">\n                    <img loading=\"lazy\" decoding=\"async\" width=\"100\" height=\"100\" src=\"https:\/\/www.arsconsultores.com\/wp-content\/uploads\/2021\/12\/a6.png\" class=\"attachment-full size-full\" alt=\"\" \/>                            <img loading=\"lazy\" decoding=\"async\" width=\"100\" height=\"100\" src=\"https:\/\/www.arsconsultores.com\/wp-content\/uploads\/2021\/12\/a6.png\" class=\"attachment-full size-full\" alt=\"\" \/>                        <\/div>\n    <div class=\"edgtf-iwt-content-holder\" >\n        <div class=\"edgtf-iwt-title-holder\">\n            <h4 >Outsourcing jur\u00eddico<\/h4>\n        <\/div>\n        <div class=\"edgtf-iwt-text-holder\">\n            <p >Servicio mediante el cual brindamos soporte legal externo especializado en derecho comercial y societario, tributario, financiero , laboral, de propiedad intelectual y derechos de autor, derecho administrativo entre otros.<\/p>\n\n                    <\/div>\n    <\/div>\n<\/div><a itemprop=\"url\" href=\"https:\/\/www.arsconsultores.com\/index.php\/contacto\/\" target=\"_self\"  class=\"edgtf-btn edgtf-btn-small edgtf-btn-solid edgtf-btn-solid-animate\" data-title=\"Contactenos\" >\n    <span class=\"edgtf-btn-text\">Contactenos<\/span>\n    <\/a>[\/vc_column][vc_column width=&#8221;1\/3&#8243;][vc_empty_space height=&#8221;45px&#8221;]<div class=\"edgtf-iwt clearfix edgtf-iwt-icon-top edgtf-iwt-icon-tiny edgtf-iwt-flip\">\n    <div class=\"edgtf-iwt-icon-holder\">\n                    <img loading=\"lazy\" decoding=\"async\" width=\"100\" height=\"100\" src=\"https:\/\/www.arsconsultores.com\/wp-content\/uploads\/2021\/12\/a7.png\" class=\"attachment-full size-full\" alt=\"\" \/>                            <img loading=\"lazy\" decoding=\"async\" width=\"100\" height=\"100\" src=\"https:\/\/www.arsconsultores.com\/wp-content\/uploads\/2021\/12\/a7.png\" class=\"attachment-full size-full\" alt=\"\" \/>                        <\/div>\n    <div class=\"edgtf-iwt-content-holder\" >\n        <div class=\"edgtf-iwt-title-holder\">\n            <h4 >Auditoria<\/h4>\n        <\/div>\n        <div class=\"edgtf-iwt-text-holder\">\n            <p >Servicio mediante el cual se efect\u00faa la revisi\u00f3n detallada e imparcial del cumplimiento legal en materia laboral, seguridad social entre otros, con el fin de verificar la conformidad de los requisitos legales, identificando las no conformidades en materia legal al interior de las organizaciones y sus oportunidades de mejora<\/p>\n\n                    <\/div>\n    <\/div>\n<\/div><a itemprop=\"url\" href=\"https:\/\/www.arsconsultores.com\/index.php\/contacto\/\" target=\"_self\"  class=\"edgtf-btn edgtf-btn-small edgtf-btn-solid edgtf-btn-solid-animate\" data-title=\"Contactenos\" >\n    <span class=\"edgtf-btn-text\">Contactenos<\/span>\n    <\/a>[vc_empty_space height=&#8221;45px&#8221;]<div class=\"edgtf-iwt clearfix edgtf-iwt-icon-top edgtf-iwt-icon-tiny edgtf-iwt-flip\">\n    <div class=\"edgtf-iwt-icon-holder\">\n                    <img loading=\"lazy\" decoding=\"async\" width=\"100\" height=\"100\" src=\"https:\/\/www.arsconsultores.com\/wp-content\/uploads\/2021\/12\/a8.png\" class=\"attachment-full size-full\" alt=\"\" \/>                            <img loading=\"lazy\" decoding=\"async\" width=\"100\" height=\"100\" src=\"https:\/\/www.arsconsultores.com\/wp-content\/uploads\/2021\/12\/a8.png\" class=\"attachment-full size-full\" alt=\"\" \/>                        <\/div>\n    <div class=\"edgtf-iwt-content-holder\" >\n        <div class=\"edgtf-iwt-title-holder\">\n            <h4 >Consultor\u00eda Especializada<\/h4>\n        <\/div>\n        <div class=\"edgtf-iwt-text-holder\">\n            <p >Servicio profesional encaminada a apoyar los procesos jur\u00eddicos internos de nuestros clientes, mediante acompa\u00f1amiento directo en la realizaci\u00f3n de cada una de las actividades o gestiones requeridas por la empresa, con miras dar cumplimiento legal de las obligaciones que les corresponda, o para la optimizaci\u00f3n de los procesos de la empresa<\/p>\n\n                    <\/div>\n    <\/div>\n<\/div><a itemprop=\"url\" href=\"https:\/\/www.arsconsultores.com\/index.php\/contacto\/\" target=\"_self\"  class=\"edgtf-btn edgtf-btn-small edgtf-btn-solid edgtf-btn-solid-animate\" data-title=\"Contactenos\" >\n    <span class=\"edgtf-btn-text\">Contactenos<\/span>\n    <\/a>[\/vc_column][vc_column parallax=&#8221;content-moving-fade&#8221; parallax_image=&#8221;5830&#8243; width=&#8221;1\/3&#8243; css=&#8221;.vc_custom_1641354978619{background-image: url(https:\/\/www.arsconsultores.com\/wp-content\/uploads\/2022\/01\/Vertical02.png?id=5830) !important;}&#8221;][vc_empty_space height=&#8221;800px&#8221;][\/vc_column][\/vc_row]<\/p>\n","protected":false},"excerpt":{"rendered":"<p>[vc_row content_aligment=&#8221;center&#8221;][vc_column width=&#8221;1\/3&#8243;][vc_empty_space height=&#8221;45px&#8221;][vc_empty_space height=&#8221;45px&#8221;][\/vc_column][vc_column width=&#8221;1\/3&#8243;][vc_empty_space height=&#8221;45px&#8221;][vc_empty_space height=&#8221;45px&#8221;][\/vc_column][vc_column parallax=&#8221;content-moving&#8221; parallax_image=&#8221;5822&#8243; width=&#8221;1\/3&#8243; css=&#8221;.vc_custom_1641354723502{background-image: url(https:\/\/www.arsconsultores.com\/wp-content\/uploads\/2022\/01\/Vertical01-1.png?id=5822) !important;}&#8221;][vc_empty_space height=&#8221;800px&#8221;][\/vc_column][\/vc_row][vc_row content_aligment=&#8221;center&#8221;][vc_column width=&#8221;1\/3&#8243;][vc_empty_space height=&#8221;45px&#8221;][vc_empty_space height=&#8221;45px&#8221;][\/vc_column][vc_column width=&#8221;1\/3&#8243;][vc_empty_space height=&#8221;45px&#8221;][vc_empty_space height=&#8221;45px&#8221;][\/vc_column][vc_column parallax=&#8221;content-moving-fade&#8221; parallax_image=&#8221;5830&#8243; width=&#8221;1\/3&#8243; css=&#8221;.vc_custom_1641354978619{background-image: url(https:\/\/www.arsconsultores.com\/wp-content\/uploads\/2022\/01\/Vertical02.png?id=5830) !important;}&#8221;][vc_empty_space height=&#8221;800px&#8221;][\/vc_column][\/vc_row]<\/p>\n","protected":false},"author":1,"featured_media":0,"parent":0,"menu_order":0,"comment_status":"closed","ping_status":"closed","template":"full-width.php","meta":{"footnotes":""},"class_list":["post-5721","page","type-page","status-publish","hentry"],"_links":{"self":[{"href":"https:\/\/www.arsconsultores.com\/index.php\/wp-json\/wp\/v2\/pages\/5721","targetHints":{"allow":["GET"]}}],"collection":[{"href":"https:\/\/www.arsconsultores.com\/index.php\/wp-json\/wp\/v2\/pages"}],"about":[{"href":"https:\/\/www.arsconsultores.com\/index.php\/wp-json\/wp\/v2\/types\/page"}],"author":[{"embeddable":true,"href":"https:\/\/www.arsconsultores.com\/index.php\/wp-json\/wp\/v2\/users\/1"}],"replies":[{"embeddable":true,"href":"https:\/\/www.arsconsultores.com\/index.php\/wp-json\/wp\/v2\/comments?post=5721"}],"version-history":[{"count":72,"href":"https:\/\/www.arsconsultores.com\/index.php\/wp-json\/wp\/v2\/pages\/5721\/revisions"}],"predecessor-version":[{"id":5860,"href":"https:\/\/www.arsconsultores.com\/index.php\/wp-json\/wp\/v2\/pages\/5721\/revisions\/5860"}],"wp:attachment":[{"href":"https:\/\/www.arsconsultores.com\/index.php\/wp-json\/wp\/v2\/media?parent=5721"}],"curies":[{"name":"wp","href":"https:\/\/api.w.org\/{rel}","templated":true}]}}