{"id":5489,"date":"2021-11-22T17:33:10","date_gmt":"2021-11-22T22:33:10","guid":{"rendered":"https:\/\/www.arsconsultores.com\/?page_id=5489"},"modified":"2021-11-30T11:52:43","modified_gmt":"2021-11-30T16:52:43","slug":"nosotros","status":"publish","type":"page","link":"https:\/\/www.arsconsultores.com\/index.php\/homears\/nosotros\/","title":{"rendered":"Nosotros"},"content":{"rendered":"<p>[vc_row content_width=&#8221;grid&#8221;][vc_column][vc_empty_space height=&#8221;100px&#8221;]<div class=\"edgtf-st-holder edgtf-st-title-position-center\" >\n\t\t\t<div class=\"edgtf-st-left-separator\">\n\t\t\t<span style=\"background-color: #7e7e7e\"><\/span>\n\t\t<\/div>\n\t\t<h2 class=\"edgtf-st-title\" >\n\t\t\t<span>Nuestra Misi\u00f3n<\/span>\n\t\t<\/h2>\n\t\t<div class=\"edgtf-st-right-separator\">\n\t\t\t<span style=\"background-color: #7e7e7e\"><\/span>\n\t\t<\/div>\n\t<\/div>[vc_column_text]<\/p>\n<blockquote><p>Somos una firma<strong> innovadora<\/strong> de servicios jur\u00eddicos y empresariales, con gran <strong>experiencia<\/strong> en la soluci\u00f3n <strong>estrat\u00e9gica<\/strong> de situaciones y requerimientos de las empresas y personas naturales, bajo los principios de <strong>confianza, seguridad y efectividad<\/strong>.<\/p><\/blockquote>\n<p>[\/vc_column_text][vc_empty_space height=&#8221;100px&#8221;]<div class=\"edgtf-st-holder edgtf-st-title-position-center\" >\n\t\t\t<div class=\"edgtf-st-left-separator\">\n\t\t\t<span style=\"background-color: #7e7e7e\"><\/span>\n\t\t<\/div>\n\t\t<h2 class=\"edgtf-st-title\" style=\"color: #5a6992\">\n\t\t\t<span>Nuestra Visi\u00f3n<\/span>\n\t\t<\/h2>\n\t\t<div class=\"edgtf-st-right-separator\">\n\t\t\t<span style=\"background-color: #7e7e7e\"><\/span>\n\t\t<\/div>\n\t<\/div>[vc_column_text]En el a\u00f1o 2024 ARS CONSULTORES ser\u00e1 una empresa reconocida y l\u00edder en la prestaci\u00f3n de servicios empresariales a nivel nacional.[\/vc_column_text][vc_empty_space height=&#8221;100px&#8221;][\/vc_column][\/vc_row][vc_row content_width=&#8221;grid&#8221;][vc_column parallax=&#8221;content-moving-fade&#8221;]<div class=\"edgtf-st-holder edgtf-st-title-position-center\" >\n\t\t\t<div class=\"edgtf-st-left-separator\">\n\t\t\t<span style=\"background-color: #7e7e7e\"><\/span>\n\t\t<\/div>\n\t\t<h2 class=\"edgtf-st-title\" style=\"color: #5a6992\">\n\t\t\t<span>ADN ARS<\/span>\n\t\t<\/h2>\n\t\t<div class=\"edgtf-st-right-separator\">\n\t\t\t<span style=\"background-color: #7e7e7e\"><\/span>\n\t\t<\/div>\n\t<\/div><div class=\"edgtf-progress-bar\">\n\t<h3 class=\"edgtf-progress-title-holder clearfix\">\n\t\t<span class=\"edgtf-progress-title\">Compromiso<\/span>\n\t\t<span class=\"edgtf-progress-number-wrapper\">\n\t\t\t<span class=\"edgtf-progress-number\">\n\t\t\t\t<span class=\"edgtf-percent\">0<\/span>\n\t\t\t<\/span>\n\t\t<\/span>\n\t<\/h3>\n\t<div class=\"edgtf-progress-content-outer \" style=\"background-color: #7e7e7e\">\n\t\t<div data-percentage=100 class=\"edgtf-progress-content\" style=\"background-color: #5a6992\"><\/div>\n\t<\/div>\n<\/div>\t<div class=\"edgtf-progress-bar\">\n\t<h3 class=\"edgtf-progress-title-holder clearfix\">\n\t\t<span class=\"edgtf-progress-title\">Honestidad<\/span>\n\t\t<span class=\"edgtf-progress-number-wrapper\">\n\t\t\t<span class=\"edgtf-progress-number\">\n\t\t\t\t<span class=\"edgtf-percent\">0<\/span>\n\t\t\t<\/span>\n\t\t<\/span>\n\t<\/h3>\n\t<div class=\"edgtf-progress-content-outer \" style=\"background-color: #7e7e7e\">\n\t\t<div data-percentage=100 class=\"edgtf-progress-content\" style=\"background-color: #5a6992\"><\/div>\n\t<\/div>\n<\/div>\t<div class=\"edgtf-progress-bar\">\n\t<h3 class=\"edgtf-progress-title-holder clearfix\">\n\t\t<span class=\"edgtf-progress-title\">Orientaci\u00f3n al logro<\/span>\n\t\t<span class=\"edgtf-progress-number-wrapper\">\n\t\t\t<span class=\"edgtf-progress-number\">\n\t\t\t\t<span class=\"edgtf-percent\">0<\/span>\n\t\t\t<\/span>\n\t\t<\/span>\n\t<\/h3>\n\t<div class=\"edgtf-progress-content-outer \" style=\"background-color: #7e7e7e\">\n\t\t<div data-percentage=100 class=\"edgtf-progress-content\" style=\"background-color: #5a6992\"><\/div>\n\t<\/div>\n<\/div>\t<div class=\"edgtf-progress-bar\">\n\t<h3 class=\"edgtf-progress-title-holder clearfix\">\n\t\t<span class=\"edgtf-progress-title\">Disciplina<\/span>\n\t\t<span class=\"edgtf-progress-number-wrapper\">\n\t\t\t<span class=\"edgtf-progress-number\">\n\t\t\t\t<span class=\"edgtf-percent\">0<\/span>\n\t\t\t<\/span>\n\t\t<\/span>\n\t<\/h3>\n\t<div class=\"edgtf-progress-content-outer \" style=\"background-color: #7e7e7e\">\n\t\t<div data-percentage=100 class=\"edgtf-progress-content\" style=\"background-color: #5a6992\"><\/div>\n\t<\/div>\n<\/div>\t<div class=\"edgtf-progress-bar\">\n\t<h3 class=\"edgtf-progress-title-holder clearfix\">\n\t\t<span class=\"edgtf-progress-title\">Integridad<\/span>\n\t\t<span class=\"edgtf-progress-number-wrapper\">\n\t\t\t<span class=\"edgtf-progress-number\">\n\t\t\t\t<span class=\"edgtf-percent\">0<\/span>\n\t\t\t<\/span>\n\t\t<\/span>\n\t<\/h3>\n\t<div class=\"edgtf-progress-content-outer \" style=\"background-color: #7e7e7e\">\n\t\t<div data-percentage=100 class=\"edgtf-progress-content\" style=\"background-color: #5a6992\"><\/div>\n\t<\/div>\n<\/div>\t[vc_empty_space height=&#8221;100px&#8221;][\/vc_column][\/vc_row][vc_row row_type=&#8221;parallax&#8221; content_width=&#8221;grid&#8221; content_aligment=&#8221;center&#8221; full_screen_section_height=&#8221;no&#8221; css=&#8221;.vc_custom_1637795096705{background-color: #e8e9eb !important;}&#8221;][vc_column parallax=&#8221;content-moving&#8221; width=&#8221;1\/3&#8243;]<div class=\"edgtf-animated-image-holder\">\n            <div class=\"edgtf-animated-image\">\n                            <img loading=\"lazy\" decoding=\"async\" width=\"800\" height=\"500\" src=\"https:\/\/www.arsconsultores.com\/wp-content\/uploads\/2021\/11\/LAboal.png\" class=\"attachment-full size-full\" alt=\"\" srcset=\"https:\/\/www.arsconsultores.com\/wp-content\/uploads\/2021\/11\/LAboal.png 800w, https:\/\/www.arsconsultores.com\/wp-content\/uploads\/2021\/11\/LAboal-300x188.png 300w, https:\/\/www.arsconsultores.com\/wp-content\/uploads\/2021\/11\/LAboal-768x480.png 768w\" sizes=\"auto, (max-width: 800px) 100vw, 800px\" \/>                    <\/div>\n        <h3 class=\"edgtf-animated-image-title\">\n                            Derecho Laboral &amp; Seguridad Social                    <\/h3>\n    <\/div>[\/vc_column][vc_column parallax=&#8221;content-moving&#8221; width=&#8221;1\/3&#8243;]<div class=\"edgtf-animated-image-holder\">\n            <div class=\"edgtf-animated-image\">\n                            <img loading=\"lazy\" decoding=\"async\" width=\"800\" height=\"500\" src=\"https:\/\/www.arsconsultores.com\/wp-content\/uploads\/2021\/11\/EMpresa.png\" class=\"attachment-full size-full\" alt=\"\" srcset=\"https:\/\/www.arsconsultores.com\/wp-content\/uploads\/2021\/11\/EMpresa.png 800w, https:\/\/www.arsconsultores.com\/wp-content\/uploads\/2021\/11\/EMpresa-300x188.png 300w, https:\/\/www.arsconsultores.com\/wp-content\/uploads\/2021\/11\/EMpresa-768x480.png 768w\" sizes=\"auto, (max-width: 800px) 100vw, 800px\" \/>                    <\/div>\n        <h3 class=\"edgtf-animated-image-title\">\n                            Derecho Ambiental                    <\/h3>\n    <\/div>[\/vc_column][vc_column parallax=&#8221;content-moving&#8221; width=&#8221;1\/3&#8243;]<div class=\"edgtf-animated-image-holder\">\n            <div class=\"edgtf-animated-image\">\n                            <img loading=\"lazy\" decoding=\"async\" width=\"800\" height=\"500\" src=\"https:\/\/www.arsconsultores.com\/wp-content\/uploads\/2021\/11\/NEgocios.png\" class=\"attachment-full size-full\" alt=\"\" srcset=\"https:\/\/www.arsconsultores.com\/wp-content\/uploads\/2021\/11\/NEgocios.png 800w, https:\/\/www.arsconsultores.com\/wp-content\/uploads\/2021\/11\/NEgocios-300x188.png 300w, https:\/\/www.arsconsultores.com\/wp-content\/uploads\/2021\/11\/NEgocios-768x480.png 768w\" sizes=\"auto, (max-width: 800px) 100vw, 800px\" \/>                    <\/div>\n        <h3 class=\"edgtf-animated-image-title\">\n                            Derecho Comercial &amp; de la Empresa                    <\/h3>\n    <\/div>[\/vc_column][\/vc_row][vc_row][vc_column][vc_empty_space][\/vc_column][\/vc_row][vc_row content_width=&#8221;grid&#8221;][vc_column width=&#8221;1\/2&#8243;]<div class=\"edgtf-animated-image-holder\">\n            <div class=\"edgtf-animated-image\">\n                            <img loading=\"lazy\" decoding=\"async\" width=\"800\" height=\"500\" src=\"https:\/\/www.arsconsultores.com\/wp-content\/uploads\/2021\/11\/familia.png\" class=\"attachment-full size-full\" alt=\"\" srcset=\"https:\/\/www.arsconsultores.com\/wp-content\/uploads\/2021\/11\/familia.png 800w, https:\/\/www.arsconsultores.com\/wp-content\/uploads\/2021\/11\/familia-300x188.png 300w, https:\/\/www.arsconsultores.com\/wp-content\/uploads\/2021\/11\/familia-768x480.png 768w\" sizes=\"auto, (max-width: 800px) 100vw, 800px\" \/>                    <\/div>\n        <h3 class=\"edgtf-animated-image-title\">\n                            Derecho de Familia.                    <\/h3>\n    <\/div>[\/vc_column][vc_column width=&#8221;1\/2&#8243;]<div class=\"edgtf-animated-image-holder\">\n            <div class=\"edgtf-animated-image\">\n                            <img loading=\"lazy\" decoding=\"async\" width=\"800\" height=\"500\" src=\"https:\/\/www.arsconsultores.com\/wp-content\/uploads\/2021\/11\/Abogada.png\" class=\"attachment-full size-full\" alt=\"\" srcset=\"https:\/\/www.arsconsultores.com\/wp-content\/uploads\/2021\/11\/Abogada.png 800w, https:\/\/www.arsconsultores.com\/wp-content\/uploads\/2021\/11\/Abogada-300x188.png 300w, https:\/\/www.arsconsultores.com\/wp-content\/uploads\/2021\/11\/Abogada-768x480.png 768w\" sizes=\"auto, (max-width: 800px) 100vw, 800px\" \/>                    <\/div>\n        <h3 class=\"edgtf-animated-image-title\">\n                            Derecho Civil                    <\/h3>\n    <\/div>[\/vc_column][\/vc_row]<\/p>\n","protected":false},"excerpt":{"rendered":"<p>[vc_row content_width=&#8221;grid&#8221;][vc_column][vc_empty_space height=&#8221;100px&#8221;][vc_column_text] Somos una firma innovadora de servicios jur\u00eddicos y empresariales, con gran experiencia en la soluci\u00f3n estrat\u00e9gica de situaciones y requerimientos de las empresas y personas naturales, bajo los principios de confianza, seguridad y efectividad. [\/vc_column_text][vc_empty_space height=&#8221;100px&#8221;][vc_column_text]En el a\u00f1o 2024 ARS CONSULTORES ser\u00e1 [&hellip;]<\/p>\n","protected":false},"author":1,"featured_media":0,"parent":5387,"menu_order":0,"comment_status":"closed","ping_status":"closed","template":"full-width.php","meta":{"footnotes":""},"class_list":["post-5489","page","type-page","status-publish","hentry"],"_links":{"self":[{"href":"https:\/\/www.arsconsultores.com\/index.php\/wp-json\/wp\/v2\/pages\/5489","targetHints":{"allow":["GET"]}}],"collection":[{"href":"https:\/\/www.arsconsultores.com\/index.php\/wp-json\/wp\/v2\/pages"}],"about":[{"href":"https:\/\/www.arsconsultores.com\/index.php\/wp-json\/wp\/v2\/types\/page"}],"author":[{"embeddable":true,"href":"https:\/\/www.arsconsultores.com\/index.php\/wp-json\/wp\/v2\/users\/1"}],"replies":[{"embeddable":true,"href":"https:\/\/www.arsconsultores.com\/index.php\/wp-json\/wp\/v2\/comments?post=5489"}],"version-history":[{"count":60,"href":"https:\/\/www.arsconsultores.com\/index.php\/wp-json\/wp\/v2\/pages\/5489\/revisions"}],"predecessor-version":[{"id":5567,"href":"https:\/\/www.arsconsultores.com\/index.php\/wp-json\/wp\/v2\/pages\/5489\/revisions\/5567"}],"up":[{"embeddable":true,"href":"https:\/\/www.arsconsultores.com\/index.php\/wp-json\/wp\/v2\/pages\/5387"}],"wp:attachment":[{"href":"https:\/\/www.arsconsultores.com\/index.php\/wp-json\/wp\/v2\/media?parent=5489"}],"curies":[{"name":"wp","href":"https:\/\/api.w.org\/{rel}","templated":true}]}}