{"id":5387,"date":"2021-11-22T11:51:37","date_gmt":"2021-11-22T16:51:37","guid":{"rendered":"https:\/\/www.arsconsultores.com\/?page_id=5387"},"modified":"2022-02-26T15:30:14","modified_gmt":"2022-02-26T20:30:14","slug":"homears","status":"publish","type":"page","link":"https:\/\/www.arsconsultores.com\/","title":{"rendered":"Home"},"content":{"rendered":"<p>[vc_row][vc_column]\n\t\t\t<!-- START Slider 1 REVOLUTION SLIDER 6.2.23 --><p class=\"rs-p-wp-fix\"><\/p>\n\t\t\t<rs-module-wrap id=\"rev_slider_6_1_wrapper\" data-source=\"gallery\" style=\"background:transparent;padding:0;margin:0px auto;margin-top:0;margin-bottom:0;\">\n\t\t\t\t<rs-module id=\"rev_slider_6_1\" style=\"\" data-version=\"6.2.23\">\n\t\t\t\t\t<rs-slides>\n\t\t\t\t\t\t<rs-slide data-key=\"rs-6\" data-title=\"Slide\" data-anim=\"ei:d;eo:d;s:1000;r:0;t:fade;sl:0;\">\n\t\t\t\t\t\t\t<img decoding=\"async\" src=\"\/\/www.arsconsultores.com\/wp-content\/plugins\/revslider\/public\/assets\/assets\/transparent.png\" title=\"Home\" class=\"rev-slidebg\" data-no-retina>\n\t\t\t\t\t\t\t<rs-bgvideo \n\t\t\t\t\t\t\t\tdata-video=\"vc:none;w:100%;h:100%;nse:false;l:true;ptimer:false;\"\n\t\t\t\t\t\t\t\tdata-ytid=\"dgXjUGPoRrc\"\n\t\t\t\t\t\t\t\tdata-vatr=\"version=3&amp;enablejsapi=1&amp;html5=1&amp;hd=1&amp;wmode=opaque&amp;showinfo=0&amp;rel=0&amp;origin=https:\/\/www.arsconsultores.com;\"\n\t\t\t\t\t\t\t><\/rs-bgvideo>\n<!--\n\t\t\t\t\t\t\t--><rs-layer\n\t\t\t\t\t\t\t\tid=\"slider-6-slide-6-layer-1\" \n\t\t\t\t\t\t\t\tclass=\"rev-scroll-btn rev-b-span-dark\"\n\t\t\t\t\t\t\t\tdata-type=\"button\"\n\t\t\t\t\t\t\t\tdata-color=\"#ffffff\"\n\t\t\t\t\t\t\t\tdata-rsp_ch=\"on\"\n\t\t\t\t\t\t\t\tdata-xy=\"x:614px;y:831px;\"\n\t\t\t\t\t\t\t\tdata-text=\"w:normal;s:17;l:20;ls:1;\"\n\t\t\t\t\t\t\t\tdata-dim=\"w:35px;h:55px;minw:35px;minh:55px;\"\n\t\t\t\t\t\t\t\tdata-padding=\"t:22;r:14;b:22;l:14;\"\n\t\t\t\t\t\t\t\tdata-border=\"bos:solid;boc:rgba(51,51,51,0.75);bow:3px,3px,3px,3px;bor:23px,23px,23px,23px;\"\n\t\t\t\t\t\t\t\tdata-frame_999=\"o:0;st:w;\"\n\t\t\t\t\t\t\t\tstyle=\"z-index:6;font-family:Roboto;text-transform:uppercase;\"\n\t\t\t\t\t\t\t><span><\/span><span><\/span><span><\/span> \n\t\t\t\t\t\t\t<\/rs-layer><!--\n-->\t\t\t\t\t\t<\/rs-slide>\n\t\t\t\t\t<\/rs-slides>\n\t\t\t\t<\/rs-module>\n\t\t\t\t<script type=\"text\/javascript\">\n\t\t\t\t\tsetREVStartSize({c: 'rev_slider_6_1',rl:[1240,1024,778,480],el:[900],gw:[1240],gh:[900],type:'hero',justify:'',layout:'fullwidth',mh:\"0\"});\n\t\t\t\t\tvar\trevapi6,\n\t\t\t\t\t\ttpj;\n\t\t\t\t\tfunction revinit_revslider61() {\n\t\t\t\t\tjQuery(function() {\n\t\t\t\t\t\ttpj = jQuery;\n\t\t\t\t\t\trevapi6 = tpj(\"#rev_slider_6_1\");\n\t\t\t\t\t\tif(revapi6==undefined || revapi6.revolution == undefined){\n\t\t\t\t\t\t\trevslider_showDoubleJqueryError(\"rev_slider_6_1\");\n\t\t\t\t\t\t}else{\n\t\t\t\t\t\t\trevapi6.revolution({\n\t\t\t\t\t\t\t\tsliderType:\"hero\",\n\t\t\t\t\t\t\t\tsliderLayout:\"fullwidth\",\n\t\t\t\t\t\t\t\tvisibilityLevels:\"1240,1024,778,480\",\n\t\t\t\t\t\t\t\tgridwidth:1240,\n\t\t\t\t\t\t\t\tgridheight:900,\n\t\t\t\t\t\t\t\tspinner:\"spinner0\",\n\t\t\t\t\t\t\t\tperspective:600,\n\t\t\t\t\t\t\t\tperspectiveType:\"global\",\n\t\t\t\t\t\t\t\teditorheight:\"900,768,960,720\",\n\t\t\t\t\t\t\t\tresponsiveLevels:\"1240,1024,778,480\",\n\t\t\t\t\t\t\t\tprogressBar:{disableProgressBar:true},\n\t\t\t\t\t\t\t\tnavigation: {\n\t\t\t\t\t\t\t\t\tonHoverStop:false\n\t\t\t\t\t\t\t\t},\n\t\t\t\t\t\t\t\tfallbacks: {\n\t\t\t\t\t\t\t\t\tallowHTML5AutoPlayOnAndroid:true\n\t\t\t\t\t\t\t\t},\n\t\t\t\t\t\t\t});\n\t\t\t\t\t\t}\n\t\t\t\t\t\t\n\t\t\t\t\t});\n\t\t\t\t\t} \/\/ End of RevInitScript\n\t\t\t\tvar once_revslider61 = false;\n\t\t\t\tif (document.readyState === \"loading\") {document.addEventListener('readystatechange',function() { if((document.readyState === \"interactive\" || document.readyState === \"complete\") && !once_revslider61 ) { once_revslider61 = true; revinit_revslider61();}});} else {once_revslider61 = true; revinit_revslider61();}\n\t\t\t\t<\/script>\n\t\t\t<\/rs-module-wrap>\n\t\t\t<!-- END REVOLUTION SLIDER -->\n[\/vc_column][\/vc_row][vc_row content_width=&#8221;grid&#8221;][vc_column][vc_empty_space]<div class=\"edgtf-st-holder edgtf-st-title-position-center\" >\n\t\t\t<div class=\"edgtf-st-left-separator\">\n\t\t\t<span style=\"background-color: #7e7e7e\"><\/span>\n\t\t<\/div>\n\t\t<h2 class=\"edgtf-st-title\" >\n\t\t\t<span>Excelencia B2B<\/span>\n\t\t<\/h2>\n\t\t<div class=\"edgtf-st-right-separator\">\n\t\t\t<span style=\"background-color: #7e7e7e\"><\/span>\n\t\t<\/div>\n\t<\/div>[vc_empty_space][vc_column_text]<\/p>\n<blockquote><p>Somos su mejor socio en la prevenci\u00f3n, administraci\u00f3n, resoluci\u00f3n de conflictos y protecci\u00f3n de su misi\u00f3n empresarial, nuestro equipo de profesionales cuenta con competencias estrat\u00e9gicas y a\u00f1os de experiencia para minimizar sus riesgos en el desarrollo de sus actividades empresariales.<\/p><\/blockquote>\n<p>[\/vc_column_text][vc_empty_space][\/vc_column][\/vc_row][vc_row row_type=&#8221;parallax&#8221; full_screen_section_height=&#8221;no&#8221; css=&#8221;.vc_custom_1639437418283{background-color: #e9eaf4 !important;}&#8221;][vc_column width=&#8221;1\/2&#8243;]<div class=\"edgtf-interactive-banner-holder\">\n            <div class=\"edgtf-interactive-banner-image\">\n            <img loading=\"lazy\" decoding=\"async\" width=\"2560\" height=\"1671\" src=\"https:\/\/www.arsconsultores.com\/wp-content\/uploads\/2021\/12\/corporate-businessmen-shaking-hands-scaled.jpg\" class=\"attachment-full size-full\" alt=\"\" srcset=\"https:\/\/www.arsconsultores.com\/wp-content\/uploads\/2021\/12\/corporate-businessmen-shaking-hands-scaled.jpg 2560w, https:\/\/www.arsconsultores.com\/wp-content\/uploads\/2021\/12\/corporate-businessmen-shaking-hands-300x196.jpg 300w, https:\/\/www.arsconsultores.com\/wp-content\/uploads\/2021\/12\/corporate-businessmen-shaking-hands-1024x668.jpg 1024w, https:\/\/www.arsconsultores.com\/wp-content\/uploads\/2021\/12\/corporate-businessmen-shaking-hands-768x501.jpg 768w, https:\/\/www.arsconsultores.com\/wp-content\/uploads\/2021\/12\/corporate-businessmen-shaking-hands-1536x1003.jpg 1536w, https:\/\/www.arsconsultores.com\/wp-content\/uploads\/2021\/12\/corporate-businessmen-shaking-hands-1100x718.jpg 1100w\" sizes=\"auto, (max-width: 2560px) 100vw, 2560px\" \/>        <\/div>\n        <div class=\"edgtf-interactive-banner-info edgtf-interactive-banner-custom-627426 edgtf-responsive-on-tablet-landscape\" style=\"text-align: left\">\n                        <h2 class=\"edgtf-interactive-banner-title\" style=\"color: #ffffff\">EMPRESAS<\/h2>\n                                        <a itemprop=\"url\" href=\"http:\/\/www.arsconsultores.com\" target=\"_self\" style=\"color: #ffffff\" class=\"edgtf-btn edgtf-btn-medium edgtf-btn-outline edgtf-btn-custom-hover-color\" data-hover-color=\"#5a6992\" >\n    <span class=\"edgtf-btn-text\">CONT\u00c1CTENOS<\/span>\n    <\/a>                    <\/div>\n    <\/div>[\/vc_column][vc_column width=&#8221;1\/2&#8243;]<div class=\"edgtf-iwt clearfix edgtf-iwt-icon-top edgtf-iwt-icon-medium edgtf-iwt-flip\">\n    <div class=\"edgtf-iwt-icon-holder\">\n                    <img loading=\"lazy\" decoding=\"async\" width=\"100\" height=\"100\" src=\"https:\/\/www.arsconsultores.com\/wp-content\/uploads\/2021\/12\/DL.png\" class=\"attachment-full size-full\" alt=\"\" \/>                            <img loading=\"lazy\" decoding=\"async\" width=\"100\" height=\"100\" src=\"https:\/\/www.arsconsultores.com\/wp-content\/uploads\/2021\/12\/DL.png\" class=\"attachment-full size-full\" alt=\"\" \/>                        <\/div>\n    <div class=\"edgtf-iwt-content-holder\" >\n        <div class=\"edgtf-iwt-title-holder\">\n            <h4 >Derecho Laboral y seguridad social (SST)<\/h4>\n        <\/div>\n        <div class=\"edgtf-iwt-text-holder\">\n            <p >El futuro de su empresa<\/p>\n\n                            <a itemprop=\"url\" href=\"http:\/\/www.arsconsultores.com\/Dfamilia\" target=\"_self\"  class=\"edgtf-btn edgtf-btn-medium edgtf-btn-simple edgtf-iwt-link\"  >\n    <span class=\"edgtf-btn-text\">Ver +<\/span>\n    <\/a>                    <\/div>\n    <\/div>\n<\/div><div class=\"edgtf-iwt clearfix edgtf-iwt-icon-top edgtf-iwt-icon-medium edgtf-iwt-flip\">\n    <div class=\"edgtf-iwt-icon-holder\">\n                    <img loading=\"lazy\" decoding=\"async\" width=\"100\" height=\"100\" src=\"https:\/\/www.arsconsultores.com\/wp-content\/uploads\/2021\/12\/DA.png\" class=\"attachment-full size-full\" alt=\"\" \/>                            <img loading=\"lazy\" decoding=\"async\" width=\"100\" height=\"100\" src=\"https:\/\/www.arsconsultores.com\/wp-content\/uploads\/2021\/12\/DA.png\" class=\"attachment-full size-full\" alt=\"\" \/>                        <\/div>\n    <div class=\"edgtf-iwt-content-holder\" >\n        <div class=\"edgtf-iwt-title-holder\">\n            <h4 >Derecho Ambiental<\/h4>\n        <\/div>\n        <div class=\"edgtf-iwt-text-holder\">\n            <p >Su sostenibilidad<\/p>\n\n                            <a itemprop=\"url\" href=\"http:\/\/www.arsconsultores.com\/Dfamilia\" target=\"_self\"  class=\"edgtf-btn edgtf-btn-medium edgtf-btn-simple edgtf-iwt-link\"  >\n    <span class=\"edgtf-btn-text\">Ver +<\/span>\n    <\/a>                    <\/div>\n    <\/div>\n<\/div><div class=\"edgtf-iwt clearfix edgtf-iwt-icon-top edgtf-iwt-icon-medium edgtf-iwt-flip\">\n    <div class=\"edgtf-iwt-icon-holder\">\n                    <img loading=\"lazy\" decoding=\"async\" width=\"100\" height=\"100\" src=\"https:\/\/www.arsconsultores.com\/wp-content\/uploads\/2021\/12\/DE.png\" class=\"attachment-full size-full\" alt=\"\" \/>                            <img loading=\"lazy\" decoding=\"async\" width=\"100\" height=\"100\" src=\"https:\/\/www.arsconsultores.com\/wp-content\/uploads\/2021\/12\/DE.png\" class=\"attachment-full size-full\" alt=\"\" \/>                        <\/div>\n    <div class=\"edgtf-iwt-content-holder\" >\n        <div class=\"edgtf-iwt-title-holder\">\n            <h4 >Derecho Comercial y de la empresa<\/h4>\n        <\/div>\n        <div class=\"edgtf-iwt-text-holder\">\n            <p >Protecci\u00f3n a sus Activos<\/p>\n\n                            <a itemprop=\"url\" href=\"http:\/\/www.arsconsultores.com\/Dfamilia\" target=\"_self\"  class=\"edgtf-btn edgtf-btn-medium edgtf-btn-simple edgtf-iwt-link\"  >\n    <span class=\"edgtf-btn-text\">Ver +<\/span>\n    <\/a>                    <\/div>\n    <\/div>\n<\/div>[\/vc_column][\/vc_row][vc_row content_width=&#8221;grid&#8221;][vc_column][vc_empty_space]<div class=\"edgtf-st-holder edgtf-st-title-position-center\" >\n\t\t\t<div class=\"edgtf-st-left-separator\">\n\t\t\t<span style=\"background-color: #7e7e7e\"><\/span>\n\t\t<\/div>\n\t\t<h2 class=\"edgtf-st-title\" >\n\t\t\t<span>Nuestra especialidad<\/span>\n\t\t<\/h2>\n\t\t<div class=\"edgtf-st-right-separator\">\n\t\t\t<span style=\"background-color: #7e7e7e\"><\/span>\n\t\t<\/div>\n\t<\/div>[vc_empty_space][vc_column_text]<\/p>\n<blockquote><p>Sabemos la importancia y lo valioso que representa sentirse protegido y apoyado en los momentos dif\u00edciles y de incertidumbre. Brindamos soluciones integrales en cada etapa y \u00e1rea de su vida, laboral, personal, familiar y social. Contamos con un equipo humano, especializado y con las competencias necesarias para que usted se sienta tranquilo y seguro.<\/p><\/blockquote>\n<p>[\/vc_column_text][vc_empty_space][\/vc_column][\/vc_row][vc_row css=&#8221;.vc_custom_1639437158042{background-color: #e8e8f0 !important;}&#8221;][vc_column width=&#8221;1\/2&#8243;]<div class=\"edgtf-interactive-banner-holder\">\n            <div class=\"edgtf-interactive-banner-image\">\n            <img loading=\"lazy\" decoding=\"async\" width=\"2560\" height=\"1709\" src=\"https:\/\/www.arsconsultores.com\/wp-content\/uploads\/2021\/12\/Familia-ARS-scaled.jpg\" class=\"attachment-full size-full\" alt=\"\" srcset=\"https:\/\/www.arsconsultores.com\/wp-content\/uploads\/2021\/12\/Familia-ARS-scaled.jpg 2560w, https:\/\/www.arsconsultores.com\/wp-content\/uploads\/2021\/12\/Familia-ARS-300x200.jpg 300w, https:\/\/www.arsconsultores.com\/wp-content\/uploads\/2021\/12\/Familia-ARS-1024x683.jpg 1024w, https:\/\/www.arsconsultores.com\/wp-content\/uploads\/2021\/12\/Familia-ARS-768x513.jpg 768w, https:\/\/www.arsconsultores.com\/wp-content\/uploads\/2021\/12\/Familia-ARS-1536x1025.jpg 1536w, https:\/\/www.arsconsultores.com\/wp-content\/uploads\/2021\/12\/Familia-ARS-1100x734.jpg 1100w\" sizes=\"auto, (max-width: 2560px) 100vw, 2560px\" \/>        <\/div>\n        <div class=\"edgtf-interactive-banner-info edgtf-interactive-banner-custom-450894 edgtf-responsive-on-tablet-landscape\" style=\"text-align: left\">\n                        <h2 class=\"edgtf-interactive-banner-title\" style=\"color: #ffffff\">FAMILIA Y PERSONAS NATURALES<\/h2>\n                                        <a itemprop=\"url\" href=\"http:\/\/www.arsconsultores.com\" target=\"_self\" style=\"color: #ffffff\" class=\"edgtf-btn edgtf-btn-medium edgtf-btn-outline edgtf-btn-custom-hover-color\" data-hover-color=\"#5a6992\" >\n    <span class=\"edgtf-btn-text\">CONT\u00c1CTENOS<\/span>\n    <\/a>                    <\/div>\n    <\/div>[\/vc_column][vc_column width=&#8221;1\/2&#8243;]<div class=\"edgtf-iwt clearfix edgtf-iwt-icon-top edgtf-iwt-icon-medium edgtf-iwt-flip\">\n    <div class=\"edgtf-iwt-icon-holder\">\n                    <img loading=\"lazy\" decoding=\"async\" width=\"100\" height=\"100\" src=\"https:\/\/www.arsconsultores.com\/wp-content\/uploads\/2021\/12\/DL.png\" class=\"attachment-full size-full\" alt=\"\" \/>                            <img loading=\"lazy\" decoding=\"async\" width=\"100\" height=\"100\" src=\"https:\/\/www.arsconsultores.com\/wp-content\/uploads\/2021\/12\/DL.png\" class=\"attachment-full size-full\" alt=\"\" \/>                        <\/div>\n    <div class=\"edgtf-iwt-content-holder\" >\n        <div class=\"edgtf-iwt-title-holder\">\n            <h4 >Derecho Laboral y seguridad social (SST)<\/h4>\n        <\/div>\n        <div class=\"edgtf-iwt-text-holder\">\n            <p >Su Bienestar<\/p>\n\n                            <a itemprop=\"url\" href=\"http:\/\/www.arsconsultores.com\/Dfamilia\" target=\"_self\"  class=\"edgtf-btn edgtf-btn-medium edgtf-btn-simple edgtf-iwt-link\"  >\n    <span class=\"edgtf-btn-text\">Ver +<\/span>\n    <\/a>                    <\/div>\n    <\/div>\n<\/div><div class=\"edgtf-iwt clearfix edgtf-iwt-icon-top edgtf-iwt-icon-medium edgtf-iwt-flip\">\n    <div class=\"edgtf-iwt-icon-holder\">\n                    <img loading=\"lazy\" decoding=\"async\" width=\"100\" height=\"100\" src=\"https:\/\/www.arsconsultores.com\/wp-content\/uploads\/2021\/12\/DF.png\" class=\"attachment-full size-full\" alt=\"\" \/>                            <img loading=\"lazy\" decoding=\"async\" width=\"100\" height=\"100\" src=\"https:\/\/www.arsconsultores.com\/wp-content\/uploads\/2021\/12\/DF.png\" class=\"attachment-full size-full\" alt=\"\" \/>                        <\/div>\n    <div class=\"edgtf-iwt-content-holder\" >\n        <div class=\"edgtf-iwt-title-holder\">\n            <h4 >Derecho de Familia<\/h4>\n        <\/div>\n        <div class=\"edgtf-iwt-text-holder\">\n            <p >El Futuro de su Familia<\/p>\n\n                            <a itemprop=\"url\" href=\"http:\/\/www.arsconsultores.com\/Dfamilia\" target=\"_self\"  class=\"edgtf-btn edgtf-btn-medium edgtf-btn-simple edgtf-iwt-link\"  >\n    <span class=\"edgtf-btn-text\">Ver +<\/span>\n    <\/a>                    <\/div>\n    <\/div>\n<\/div><div class=\"edgtf-iwt clearfix edgtf-iwt-icon-top edgtf-iwt-icon-medium edgtf-iwt-flip\">\n    <div class=\"edgtf-iwt-icon-holder\">\n                    <img loading=\"lazy\" decoding=\"async\" width=\"100\" height=\"100\" src=\"https:\/\/www.arsconsultores.com\/wp-content\/uploads\/2021\/12\/DC.png\" class=\"attachment-full size-full\" alt=\"\" \/>                            <img loading=\"lazy\" decoding=\"async\" width=\"100\" height=\"100\" src=\"https:\/\/www.arsconsultores.com\/wp-content\/uploads\/2021\/12\/DC.png\" class=\"attachment-full size-full\" alt=\"\" \/>                        <\/div>\n    <div class=\"edgtf-iwt-content-holder\" >\n        <div class=\"edgtf-iwt-title-holder\">\n            <h4 >Derecho Civil<\/h4>\n        <\/div>\n        <div class=\"edgtf-iwt-text-holder\">\n            <p >Cuidamos su patrimonio<\/p>\n\n                            <a itemprop=\"url\" href=\"http:\/\/www.arsconsultores.com\/Dcivil\" target=\"_self\"  class=\"edgtf-btn edgtf-btn-medium edgtf-btn-simple edgtf-iwt-link\"  >\n    <span class=\"edgtf-btn-text\">Ver +<\/span>\n    <\/a>                    <\/div>\n    <\/div>\n<\/div>[\/vc_column][\/vc_row][vc_row content_width=&#8221;grid&#8221;][vc_column][vc_empty_space][vc_row_inner][vc_column_inner]<div class=\"edgtf-st-holder edgtf-st-title-position-center\" >\n\t\t\t<div class=\"edgtf-st-left-separator\">\n\t\t\t<span style=\"background-color: #7e7e7e\"><\/span>\n\t\t<\/div>\n\t\t<h2 class=\"edgtf-st-title\" >\n\t\t\t<span>Nuestros Servicios<\/span>\n\t\t<\/h2>\n\t\t<div class=\"edgtf-st-right-separator\">\n\t\t\t<span style=\"background-color: #7e7e7e\"><\/span>\n\t\t<\/div>\n\t<\/div>[\/vc_column_inner][\/vc_row_inner][vc_row_inner content_width=&#8221;grid&#8221;][vc_column_inner width=&#8221;1\/4&#8243;]<div class=\"edgtf-iwt clearfix edgtf-iwt-icon-top edgtf-iwt-icon-small edgtf-iwt-flip\">\n    <div class=\"edgtf-iwt-icon-holder\">\n                    <img loading=\"lazy\" decoding=\"async\" width=\"100\" height=\"100\" src=\"https:\/\/www.arsconsultores.com\/wp-content\/uploads\/2021\/12\/a1.png\" class=\"attachment-full size-full\" alt=\"\" \/>                            <img loading=\"lazy\" decoding=\"async\" width=\"100\" height=\"100\" src=\"https:\/\/www.arsconsultores.com\/wp-content\/uploads\/2021\/12\/a1.png\" class=\"attachment-full size-full\" alt=\"\" \/>                        <\/div>\n    <div class=\"edgtf-iwt-content-holder\" >\n        <div class=\"edgtf-iwt-title-holder\">\n            <h4 >Asesoria Express<\/h4>\n        <\/div>\n        <div class=\"edgtf-iwt-text-holder\">\n            <p ><\/p>\n\n                    <\/div>\n    <\/div>\n<\/div>[\/vc_column_inner][vc_column_inner width=&#8221;1\/4&#8243;]<div class=\"edgtf-iwt clearfix edgtf-iwt-icon-top edgtf-iwt-icon-small edgtf-iwt-flip\">\n    <div class=\"edgtf-iwt-icon-holder\">\n                    <img loading=\"lazy\" decoding=\"async\" width=\"100\" height=\"100\" src=\"https:\/\/www.arsconsultores.com\/wp-content\/uploads\/2021\/12\/a2.png\" class=\"attachment-full size-full\" alt=\"\" \/>                            <img loading=\"lazy\" decoding=\"async\" width=\"100\" height=\"100\" src=\"https:\/\/www.arsconsultores.com\/wp-content\/uploads\/2021\/12\/a2.png\" class=\"attachment-full size-full\" alt=\"\" \/>                        <\/div>\n    <div class=\"edgtf-iwt-content-holder\" >\n        <div class=\"edgtf-iwt-title-holder\">\n            <h4 >Asesor\u00eda<\/h4>\n        <\/div>\n        <div class=\"edgtf-iwt-text-holder\">\n            <p ><\/p>\n\n                    <\/div>\n    <\/div>\n<\/div>[\/vc_column_inner][vc_column_inner width=&#8221;1\/4&#8243;]<div class=\"edgtf-iwt clearfix edgtf-iwt-icon-top edgtf-iwt-icon-small edgtf-iwt-flip\">\n    <div class=\"edgtf-iwt-icon-holder\">\n                    <img loading=\"lazy\" decoding=\"async\" width=\"100\" height=\"100\" src=\"https:\/\/www.arsconsultores.com\/wp-content\/uploads\/2021\/12\/a3.png\" class=\"attachment-full size-full\" alt=\"\" \/>                            <img loading=\"lazy\" decoding=\"async\" width=\"100\" height=\"100\" src=\"https:\/\/www.arsconsultores.com\/wp-content\/uploads\/2021\/12\/a3.png\" class=\"attachment-full size-full\" alt=\"\" \/>                        <\/div>\n    <div class=\"edgtf-iwt-content-holder\" >\n        <div class=\"edgtf-iwt-title-holder\">\n            <h4 >Conceptos<\/h4>\n        <\/div>\n        <div class=\"edgtf-iwt-text-holder\">\n            <p ><\/p>\n\n                    <\/div>\n    <\/div>\n<\/div>[\/vc_column_inner][vc_column_inner width=&#8221;1\/4&#8243;]<div class=\"edgtf-iwt clearfix edgtf-iwt-icon-top edgtf-iwt-icon-small edgtf-iwt-flip\">\n    <div class=\"edgtf-iwt-icon-holder\">\n                    <img loading=\"lazy\" decoding=\"async\" width=\"100\" height=\"100\" src=\"https:\/\/www.arsconsultores.com\/wp-content\/uploads\/2021\/12\/a4.png\" class=\"attachment-full size-full\" alt=\"\" \/>                            <img loading=\"lazy\" decoding=\"async\" width=\"100\" height=\"100\" src=\"https:\/\/www.arsconsultores.com\/wp-content\/uploads\/2021\/12\/a4.png\" class=\"attachment-full size-full\" alt=\"\" \/>                        <\/div>\n    <div class=\"edgtf-iwt-content-holder\" >\n        <div class=\"edgtf-iwt-title-holder\">\n            <h4 >Representaci\u00f3n Legal<\/h4>\n        <\/div>\n        <div class=\"edgtf-iwt-text-holder\">\n            <p ><\/p>\n\n                    <\/div>\n    <\/div>\n<\/div>[\/vc_column_inner][\/vc_row_inner][vc_row_inner content_width=&#8221;grid&#8221;][vc_column_inner width=&#8221;1\/4&#8243;]<div class=\"edgtf-iwt clearfix edgtf-iwt-icon-top edgtf-iwt-icon-small edgtf-iwt-flip\">\n    <div class=\"edgtf-iwt-icon-holder\">\n                    <img loading=\"lazy\" decoding=\"async\" width=\"100\" height=\"100\" src=\"https:\/\/www.arsconsultores.com\/wp-content\/uploads\/2021\/12\/a5.png\" class=\"attachment-full size-full\" alt=\"\" \/>                            <img loading=\"lazy\" decoding=\"async\" width=\"100\" height=\"100\" src=\"https:\/\/www.arsconsultores.com\/wp-content\/uploads\/2021\/12\/a5.png\" class=\"attachment-full size-full\" alt=\"\" \/>                        <\/div>\n    <div class=\"edgtf-iwt-content-holder\" >\n        <div class=\"edgtf-iwt-title-holder\">\n            <h4 >Representaci\u00f3n Judicial<\/h4>\n        <\/div>\n        <div class=\"edgtf-iwt-text-holder\">\n            <p ><\/p>\n\n                    <\/div>\n    <\/div>\n<\/div>[\/vc_column_inner][vc_column_inner width=&#8221;1\/4&#8243;]<div class=\"edgtf-iwt clearfix edgtf-iwt-icon-top edgtf-iwt-icon-small edgtf-iwt-flip\">\n    <div class=\"edgtf-iwt-icon-holder\">\n                    <img loading=\"lazy\" decoding=\"async\" width=\"100\" height=\"100\" src=\"https:\/\/www.arsconsultores.com\/wp-content\/uploads\/2021\/12\/a6.png\" class=\"attachment-full size-full\" alt=\"\" \/>                            <img loading=\"lazy\" decoding=\"async\" width=\"100\" height=\"100\" src=\"https:\/\/www.arsconsultores.com\/wp-content\/uploads\/2021\/12\/a6.png\" class=\"attachment-full size-full\" alt=\"\" \/>                        <\/div>\n    <div class=\"edgtf-iwt-content-holder\" >\n        <div class=\"edgtf-iwt-title-holder\">\n            <h4 >Outsourcing Jur\u00eddico<\/h4>\n        <\/div>\n        <div class=\"edgtf-iwt-text-holder\">\n            <p ><\/p>\n\n                    <\/div>\n    <\/div>\n<\/div>[\/vc_column_inner][vc_column_inner width=&#8221;1\/4&#8243;]<div class=\"edgtf-iwt clearfix edgtf-iwt-icon-top edgtf-iwt-icon-small edgtf-iwt-flip\">\n    <div class=\"edgtf-iwt-icon-holder\">\n                    <img loading=\"lazy\" decoding=\"async\" width=\"100\" height=\"100\" src=\"https:\/\/www.arsconsultores.com\/wp-content\/uploads\/2021\/12\/a7.png\" class=\"attachment-full size-full\" alt=\"\" \/>                            <img loading=\"lazy\" decoding=\"async\" width=\"100\" height=\"100\" src=\"https:\/\/www.arsconsultores.com\/wp-content\/uploads\/2021\/12\/a7.png\" class=\"attachment-full size-full\" alt=\"\" \/>                        <\/div>\n    <div class=\"edgtf-iwt-content-holder\" >\n        <div class=\"edgtf-iwt-title-holder\">\n            <h4 >Auditoria<\/h4>\n        <\/div>\n        <div class=\"edgtf-iwt-text-holder\">\n            <p ><\/p>\n\n                    <\/div>\n    <\/div>\n<\/div>[\/vc_column_inner][vc_column_inner width=&#8221;1\/4&#8243;]<div class=\"edgtf-iwt clearfix edgtf-iwt-icon-top edgtf-iwt-icon-small edgtf-iwt-flip\">\n    <div class=\"edgtf-iwt-icon-holder\">\n                    <img loading=\"lazy\" decoding=\"async\" width=\"100\" height=\"100\" src=\"https:\/\/www.arsconsultores.com\/wp-content\/uploads\/2021\/12\/a8.png\" class=\"attachment-full size-full\" alt=\"\" \/>                            <img loading=\"lazy\" decoding=\"async\" width=\"100\" height=\"100\" src=\"https:\/\/www.arsconsultores.com\/wp-content\/uploads\/2021\/12\/a8.png\" class=\"attachment-full size-full\" alt=\"\" \/>                        <\/div>\n    <div class=\"edgtf-iwt-content-holder\" >\n        <div class=\"edgtf-iwt-title-holder\">\n            <h4 >Consultor\u00eda Especializada<\/h4>\n        <\/div>\n        <div class=\"edgtf-iwt-text-holder\">\n            <p ><\/p>\n\n                    <\/div>\n    <\/div>\n<\/div>[\/vc_column_inner][\/vc_row_inner][\/vc_column][\/vc_row]<\/p>\n","protected":false},"excerpt":{"rendered":"<p>[vc_row][vc_column][\/vc_column][\/vc_row][vc_row content_width=&#8221;grid&#8221;][vc_column][vc_empty_space][vc_empty_space][vc_column_text] Somos su mejor socio en la prevenci\u00f3n, administraci\u00f3n, resoluci\u00f3n de conflictos y protecci\u00f3n de su misi\u00f3n empresarial, nuestro equipo de profesionales cuenta con competencias estrat\u00e9gicas y a\u00f1os de experiencia para minimizar sus riesgos en el desarrollo de sus actividades empresariales. [\/vc_column_text][vc_empty_space][\/vc_column][\/vc_row][vc_row row_type=&#8221;parallax&#8221; full_screen_section_height=&#8221;no&#8221; [&hellip;]<\/p>\n","protected":false},"author":1,"featured_media":0,"parent":0,"menu_order":0,"comment_status":"closed","ping_status":"closed","template":"full-width.php","meta":{"footnotes":""},"class_list":["post-5387","page","type-page","status-publish","hentry"],"_links":{"self":[{"href":"https:\/\/www.arsconsultores.com\/index.php\/wp-json\/wp\/v2\/pages\/5387","targetHints":{"allow":["GET"]}}],"collection":[{"href":"https:\/\/www.arsconsultores.com\/index.php\/wp-json\/wp\/v2\/pages"}],"about":[{"href":"https:\/\/www.arsconsultores.com\/index.php\/wp-json\/wp\/v2\/types\/page"}],"author":[{"embeddable":true,"href":"https:\/\/www.arsconsultores.com\/index.php\/wp-json\/wp\/v2\/users\/1"}],"replies":[{"embeddable":true,"href":"https:\/\/www.arsconsultores.com\/index.php\/wp-json\/wp\/v2\/comments?post=5387"}],"version-history":[{"count":119,"href":"https:\/\/www.arsconsultores.com\/index.php\/wp-json\/wp\/v2\/pages\/5387\/revisions"}],"predecessor-version":[{"id":5866,"href":"https:\/\/www.arsconsultores.com\/index.php\/wp-json\/wp\/v2\/pages\/5387\/revisions\/5866"}],"wp:attachment":[{"href":"https:\/\/www.arsconsultores.com\/index.php\/wp-json\/wp\/v2\/media?parent=5387"}],"curies":[{"name":"wp","href":"https:\/\/api.w.org\/{rel}","templated":true}]}}